{"id":2261,"date":"2024-12-04T11:53:44","date_gmt":"2024-12-04T10:53:44","guid":{"rendered":"https:\/\/cubanflavorllc.com\/?post_type=product&#038;p=2261"},"modified":"2025-08-18T03:12:50","modified_gmt":"2025-08-18T01:12:50","slug":"cuban-sandwich","status":"publish","type":"product","link":"https:\/\/cubanflavorllc.com\/es\/producto\/cuban-sandwich\/","title":{"rendered":"S\u00e1ndwich Cubano"},"content":{"rendered":"<p>Una delicia cubana cl\u00e1sica con capas de jam\u00f3n tierno, cerdo asado a fuego lento, queso suizo, mostaza picante y pepinillos crujientes, todo ello entre pan cubano reci\u00e9n horneado. Prensado a la perfecci\u00f3n, este s\u00e1ndwich ofrece un bocado c\u00e1lido y sabroso en cada bocado. \u00a1Perfecto para cualquiera que desee probar el sabor de Cuba!<\/p>","protected":false},"excerpt":{"rendered":"<p>Experimente los sabores intensos de nuestro s\u00e1ndwich cubano, una deliciosa combinaci\u00f3n de sabrosos ingredientes envueltos en pan reci\u00e9n horneado. Un cl\u00e1sico cubano favorito que es a la vez satisfactorio y delicioso.<\/p>\n<p>\ud83d\udccdEntregas disponibles solo en Osceola, Iowa<\/p>","protected":false},"featured_media":2845,"template":"","meta":{"_uag_custom_page_level_css":"","site-sidebar-layout":"default","site-content-layout":"","ast-site-content-layout":"default","site-content-style":"default","site-sidebar-style":"default","ast-global-header-display":"","ast-banner-title-visibility":"","ast-main-header-display":"","ast-hfb-above-header-display":"","ast-hfb-below-header-display":"","ast-hfb-mobile-header-display":"","site-post-title":"","ast-breadcrumbs-content":"","ast-featured-img":"","footer-sml-layout":"","theme-transparent-header-meta":"default","adv-header-id-meta":"","stick-header-meta":"","header-above-stick-meta":"","header-main-stick-meta":"","header-below-stick-meta":"","astra-migrate-meta-layouts":"set","ast-page-background-enabled":"default","ast-page-background-meta":{"desktop":{"background-color":"","background-image":"","background-repeat":"repeat","background-position":"center center","background-size":"auto","background-attachment":"scroll","background-type":"","background-media":"","overlay-type":"","overlay-color":"","overlay-opacity":"","overlay-gradient":""},"tablet":{"background-color":"","background-image":"","background-repeat":"repeat","background-position":"center center","background-size":"auto","background-attachment":"scroll","background-type":"","background-media":"","overlay-type":"","overlay-color":"","overlay-opacity":"","overlay-gradient":""},"mobile":{"background-color":"","background-image":"","background-repeat":"repeat","background-position":"center center","background-size":"auto","background-attachment":"scroll","background-type":"","background-media":"","overlay-type":"","overlay-color":"","overlay-opacity":"","overlay-gradient":""}},"ast-content-background-meta":{"desktop":{"background-color":"var(--ast-global-color-5)","background-image":"","background-repeat":"repeat","background-position":"center center","background-size":"auto","background-attachment":"scroll","background-type":"","background-media":"","overlay-type":"","overlay-color":"","overlay-opacity":"","overlay-gradient":""},"tablet":{"background-color":"var(--ast-global-color-5)","background-image":"","background-repeat":"repeat","background-position":"center center","background-size":"auto","background-attachment":"scroll","background-type":"","background-media":"","overlay-type":"","overlay-color":"","overlay-opacity":"","overlay-gradient":""},"mobile":{"background-color":"var(--ast-global-color-5)","background-image":"","background-repeat":"repeat","background-position":"center center","background-size":"auto","background-attachment":"scroll","background-type":"","background-media":"","overlay-type":"","overlay-color":"","overlay-opacity":"","overlay-gradient":""}}},"product_brand":[],"product_cat":[26],"product_tag":[],"class_list":{"0":"post-2261","1":"product","2":"type-product","3":"status-publish","4":"has-post-thumbnail","6":"product_cat-sandwiches","7":"wpcafe_location-iowa-usa","8":"desktop-align-left","9":"tablet-align-left","10":"mobile-align-left","12":"first","13":"instock","14":"shipping-taxable","15":"purchasable","16":"product-type-simple"},"uagb_featured_image_src":{"full":["https:\/\/cubanflavorllc.com\/wp-content\/uploads\/2024\/12\/851b26e1-f209-4e64-8a1d-54808da18da8-1.jpeg",2048,1536,false],"thumbnail":["https:\/\/cubanflavorllc.com\/wp-content\/uploads\/2024\/12\/851b26e1-f209-4e64-8a1d-54808da18da8-1-150x150.jpeg",150,150,true],"medium":["https:\/\/cubanflavorllc.com\/wp-content\/uploads\/2024\/12\/851b26e1-f209-4e64-8a1d-54808da18da8-1-300x225.jpeg",300,225,true],"medium_large":["https:\/\/cubanflavorllc.com\/wp-content\/uploads\/2024\/12\/851b26e1-f209-4e64-8a1d-54808da18da8-1-768x576.jpeg",768,576,true],"large":["https:\/\/cubanflavorllc.com\/wp-content\/uploads\/2024\/12\/851b26e1-f209-4e64-8a1d-54808da18da8-1-1024x768.jpeg",1024,768,true],"1536x1536":["https:\/\/cubanflavorllc.com\/wp-content\/uploads\/2024\/12\/851b26e1-f209-4e64-8a1d-54808da18da8-1-1536x1152.jpeg",1536,1152,true],"2048x2048":["https:\/\/cubanflavorllc.com\/wp-content\/uploads\/2024\/12\/851b26e1-f209-4e64-8a1d-54808da18da8-1.jpeg",2048,1536,false],"trp-custom-language-flag":["https:\/\/cubanflavorllc.com\/wp-content\/uploads\/2024\/12\/851b26e1-f209-4e64-8a1d-54808da18da8-1-16x12.jpeg",16,12,true],"woocommerce_thumbnail":["https:\/\/cubanflavorllc.com\/wp-content\/uploads\/2024\/12\/851b26e1-f209-4e64-8a1d-54808da18da8-1-300x300.jpeg",300,300,true],"woocommerce_single":["https:\/\/cubanflavorllc.com\/wp-content\/uploads\/2024\/12\/851b26e1-f209-4e64-8a1d-54808da18da8-1-600x450.jpeg",600,450,true],"woocommerce_gallery_thumbnail":["https:\/\/cubanflavorllc.com\/wp-content\/uploads\/2024\/12\/851b26e1-f209-4e64-8a1d-54808da18da8-1-100x100.jpeg",100,100,true],"dgwt-wcas-product-suggestion":["https:\/\/cubanflavorllc.com\/wp-content\/uploads\/2024\/12\/851b26e1-f209-4e64-8a1d-54808da18da8-1-64x48.jpeg",64,48,true]},"uagb_author_info":{"display_name":"leofre516","author_link":"https:\/\/cubanflavorllc.com\/es\/author\/"},"uagb_comment_info":0,"uagb_excerpt":"Experience the bold flavors of our Cuban Sandwich, a delightful combination of savory ingredients wrapped in freshly baked bread. A classic Cuban favorite that\u2019s both satisfying and delicious. \ud83d\udccd Deliveries Available Only in Osceola, Iowa","jetpack_sharing_enabled":true,"_links":{"self":[{"href":"https:\/\/cubanflavorllc.com\/es\/wp-json\/wp\/v2\/product\/2261","targetHints":{"allow":["GET"]}}],"collection":[{"href":"https:\/\/cubanflavorllc.com\/es\/wp-json\/wp\/v2\/product"}],"about":[{"href":"https:\/\/cubanflavorllc.com\/es\/wp-json\/wp\/v2\/types\/product"}],"wp:featuredmedia":[{"embeddable":true,"href":"https:\/\/cubanflavorllc.com\/es\/wp-json\/wp\/v2\/media\/2845"}],"wp:attachment":[{"href":"https:\/\/cubanflavorllc.com\/es\/wp-json\/wp\/v2\/media?parent=2261"}],"wp:term":[{"taxonomy":"product_brand","embeddable":true,"href":"https:\/\/cubanflavorllc.com\/es\/wp-json\/wp\/v2\/product_brand?post=2261"},{"taxonomy":"product_cat","embeddable":true,"href":"https:\/\/cubanflavorllc.com\/es\/wp-json\/wp\/v2\/product_cat?post=2261"},{"taxonomy":"product_tag","embeddable":true,"href":"https:\/\/cubanflavorllc.com\/es\/wp-json\/wp\/v2\/product_tag?post=2261"}],"curies":[{"name":"wp","href":"https:\/\/api.w.org\/{rel}","templated":true}]}}