{"id":2263,"date":"2024-12-04T11:56:41","date_gmt":"2024-12-04T10:56:41","guid":{"rendered":"https:\/\/cubanflavorllc.com\/?post_type=product&#038;p=2263"},"modified":"2025-08-18T03:24:58","modified_gmt":"2025-08-18T01:24:58","slug":"midnight-sandwich","status":"publish","type":"product","link":"https:\/\/cubanflavorllc.com\/es\/producto\/midnight-sandwich\/","title":{"rendered":"S\u00e1ndwich Medianoche"},"content":{"rendered":"<p>Una versi\u00f3n de inspiraci\u00f3n cubana del cl\u00e1sico s\u00e1ndwich, con capas de sabroso jam\u00f3n, cerdo asado a fuego lento, queso suizo, mostaza picante y pepinillos, todo servido en un pan dulce y suave. Prensado a la perfecci\u00f3n, este s\u00e1ndwich ofrece un equilibrio de sabores deliciosamente \u00fanico que seguramente satisfar\u00e1 tus antojos.<\/p>","protected":false},"excerpt":{"rendered":"<p>Saborea el irresistible sabor de nuestro Midnight Sandwich, una delicia cubana con capas de sabrosos ingredientes, perfecta para cualquier momento del d\u00eda o de la noche. Este delicioso s\u00e1ndwich ofrece un equilibrio perfecto de bondades saladas y es una opci\u00f3n que todos los amantes de la comida deben probar.<\/p>\n<p>\ud83d\udccdEntregas disponibles solo en Osceola, Iowa<\/p>","protected":false},"featured_media":2852,"template":"","meta":{"_uag_custom_page_level_css":"","site-sidebar-layout":"default","site-content-layout":"","ast-site-content-layout":"default","site-content-style":"default","site-sidebar-style":"default","ast-global-header-display":"","ast-banner-title-visibility":"","ast-main-header-display":"","ast-hfb-above-header-display":"","ast-hfb-below-header-display":"","ast-hfb-mobile-header-display":"","site-post-title":"","ast-breadcrumbs-content":"","ast-featured-img":"","footer-sml-layout":"","theme-transparent-header-meta":"default","adv-header-id-meta":"","stick-header-meta":"","header-above-stick-meta":"","header-main-stick-meta":"","header-below-stick-meta":"","astra-migrate-meta-layouts":"set","ast-page-background-enabled":"default","ast-page-background-meta":{"desktop":{"background-color":"","background-image":"","background-repeat":"repeat","background-position":"center center","background-size":"auto","background-attachment":"scroll","background-type":"","background-media":"","overlay-type":"","overlay-color":"","overlay-opacity":"","overlay-gradient":""},"tablet":{"background-color":"","background-image":"","background-repeat":"repeat","background-position":"center center","background-size":"auto","background-attachment":"scroll","background-type":"","background-media":"","overlay-type":"","overlay-color":"","overlay-opacity":"","overlay-gradient":""},"mobile":{"background-color":"","background-image":"","background-repeat":"repeat","background-position":"center center","background-size":"auto","background-attachment":"scroll","background-type":"","background-media":"","overlay-type":"","overlay-color":"","overlay-opacity":"","overlay-gradient":""}},"ast-content-background-meta":{"desktop":{"background-color":"var(--ast-global-color-5)","background-image":"","background-repeat":"repeat","background-position":"center center","background-size":"auto","background-attachment":"scroll","background-type":"","background-media":"","overlay-type":"","overlay-color":"","overlay-opacity":"","overlay-gradient":""},"tablet":{"background-color":"var(--ast-global-color-5)","background-image":"","background-repeat":"repeat","background-position":"center center","background-size":"auto","background-attachment":"scroll","background-type":"","background-media":"","overlay-type":"","overlay-color":"","overlay-opacity":"","overlay-gradient":""},"mobile":{"background-color":"var(--ast-global-color-5)","background-image":"","background-repeat":"repeat","background-position":"center center","background-size":"auto","background-attachment":"scroll","background-type":"","background-media":"","overlay-type":"","overlay-color":"","overlay-opacity":"","overlay-gradient":""}}},"product_brand":[],"product_cat":[26],"product_tag":[],"class_list":{"0":"post-2263","1":"product","2":"type-product","3":"status-publish","4":"has-post-thumbnail","6":"product_cat-sandwiches","7":"wpcafe_location-iowa-usa","8":"desktop-align-left","9":"tablet-align-left","10":"mobile-align-left","12":"first","13":"instock","14":"shipping-taxable","15":"purchasable","16":"product-type-simple"},"uagb_featured_image_src":{"full":["https:\/\/cubanflavorllc.com\/wp-content\/uploads\/2024\/12\/50a36256-4d3a-445b-9b1e-c3f41e31b3f0.jpeg",1536,2048,false],"thumbnail":["https:\/\/cubanflavorllc.com\/wp-content\/uploads\/2024\/12\/50a36256-4d3a-445b-9b1e-c3f41e31b3f0-150x150.jpeg",150,150,true],"medium":["https:\/\/cubanflavorllc.com\/wp-content\/uploads\/2024\/12\/50a36256-4d3a-445b-9b1e-c3f41e31b3f0-225x300.jpeg",225,300,true],"medium_large":["https:\/\/cubanflavorllc.com\/wp-content\/uploads\/2024\/12\/50a36256-4d3a-445b-9b1e-c3f41e31b3f0-768x1024.jpeg",768,1024,true],"large":["https:\/\/cubanflavorllc.com\/wp-content\/uploads\/2024\/12\/50a36256-4d3a-445b-9b1e-c3f41e31b3f0-768x1024.jpeg",768,1024,true],"1536x1536":["https:\/\/cubanflavorllc.com\/wp-content\/uploads\/2024\/12\/50a36256-4d3a-445b-9b1e-c3f41e31b3f0-1152x1536.jpeg",1152,1536,true],"2048x2048":["https:\/\/cubanflavorllc.com\/wp-content\/uploads\/2024\/12\/50a36256-4d3a-445b-9b1e-c3f41e31b3f0.jpeg",1536,2048,false],"trp-custom-language-flag":["https:\/\/cubanflavorllc.com\/wp-content\/uploads\/2024\/12\/50a36256-4d3a-445b-9b1e-c3f41e31b3f0-9x12.jpeg",9,12,true],"woocommerce_thumbnail":["https:\/\/cubanflavorllc.com\/wp-content\/uploads\/2024\/12\/50a36256-4d3a-445b-9b1e-c3f41e31b3f0-300x300.jpeg",300,300,true],"woocommerce_single":["https:\/\/cubanflavorllc.com\/wp-content\/uploads\/2024\/12\/50a36256-4d3a-445b-9b1e-c3f41e31b3f0-600x800.jpeg",600,800,true],"woocommerce_gallery_thumbnail":["https:\/\/cubanflavorllc.com\/wp-content\/uploads\/2024\/12\/50a36256-4d3a-445b-9b1e-c3f41e31b3f0-100x100.jpeg",100,100,true],"dgwt-wcas-product-suggestion":["https:\/\/cubanflavorllc.com\/wp-content\/uploads\/2024\/12\/50a36256-4d3a-445b-9b1e-c3f41e31b3f0-64x85.jpeg",64,85,true]},"uagb_author_info":{"display_name":"leofre516","author_link":"https:\/\/cubanflavorllc.com\/es\/author\/"},"uagb_comment_info":0,"uagb_excerpt":"Savor the irresistible taste of our Midnight Sandwich, a Cuban delicacy with layers of flavorful ingredients, perfect for any time of day or night. This delicious sandwich offers a perfect balance of savory goodness and is a must-try for all food lovers. \ud83d\udccd Deliveries Available Only in Osceola, Iowa","jetpack_sharing_enabled":true,"_links":{"self":[{"href":"https:\/\/cubanflavorllc.com\/es\/wp-json\/wp\/v2\/product\/2263","targetHints":{"allow":["GET"]}}],"collection":[{"href":"https:\/\/cubanflavorllc.com\/es\/wp-json\/wp\/v2\/product"}],"about":[{"href":"https:\/\/cubanflavorllc.com\/es\/wp-json\/wp\/v2\/types\/product"}],"wp:featuredmedia":[{"embeddable":true,"href":"https:\/\/cubanflavorllc.com\/es\/wp-json\/wp\/v2\/media\/2852"}],"wp:attachment":[{"href":"https:\/\/cubanflavorllc.com\/es\/wp-json\/wp\/v2\/media?parent=2263"}],"wp:term":[{"taxonomy":"product_brand","embeddable":true,"href":"https:\/\/cubanflavorllc.com\/es\/wp-json\/wp\/v2\/product_brand?post=2263"},{"taxonomy":"product_cat","embeddable":true,"href":"https:\/\/cubanflavorllc.com\/es\/wp-json\/wp\/v2\/product_cat?post=2263"},{"taxonomy":"product_tag","embeddable":true,"href":"https:\/\/cubanflavorllc.com\/es\/wp-json\/wp\/v2\/product_tag?post=2263"}],"curies":[{"name":"wp","href":"https:\/\/api.w.org\/{rel}","templated":true}]}}