{"id":2266,"date":"2024-12-04T11:59:45","date_gmt":"2024-12-04T10:59:45","guid":{"rendered":"https:\/\/cubanflavorllc.com\/?post_type=product&#038;p=2266"},"modified":"2025-08-18T03:27:13","modified_gmt":"2025-08-18T01:27:13","slug":"steak-sandwich","status":"publish","type":"product","link":"https:\/\/cubanflavorllc.com\/es\/producto\/steak-sandwich\/","title":{"rendered":"S\u00e1ndwich de Bistec"},"content":{"rendered":"<p>Saborea este tierno filete cortado en rodajas finas, perfectamente asado a la parrilla y servido en pan cubano. Cubierto con lechuga fresca, jugosos tomates, cebollas salteadas y crujientes bastones de papa, este s\u00e1ndwich ofrece un bocado abundante y sabroso en cada bocado. Un cl\u00e1sico, mejorado para satisfacer tus antojos de filete.<\/p>","protected":false},"excerpt":{"rendered":"<p>Disfrute de los deliciosos sabores de nuestro s\u00e1ndwich de carne, que incluye un filete tierno y jugoso combinado a la perfecci\u00f3n con ingredientes frescos y sabrosos. Una comida abundante y satisfactoria que seguramente complacer\u00e1 a los amantes de la carne y a los entusiastas de los s\u00e1ndwiches por igual.<\/p>\n<p>\ud83d\udccdEntregas disponibles solo en Osceola, Iowa<\/p>","protected":false},"featured_media":2854,"template":"","meta":{"_uag_custom_page_level_css":"","site-sidebar-layout":"default","site-content-layout":"","ast-site-content-layout":"default","site-content-style":"default","site-sidebar-style":"default","ast-global-header-display":"","ast-banner-title-visibility":"","ast-main-header-display":"","ast-hfb-above-header-display":"","ast-hfb-below-header-display":"","ast-hfb-mobile-header-display":"","site-post-title":"","ast-breadcrumbs-content":"","ast-featured-img":"","footer-sml-layout":"","theme-transparent-header-meta":"default","adv-header-id-meta":"","stick-header-meta":"","header-above-stick-meta":"","header-main-stick-meta":"","header-below-stick-meta":"","astra-migrate-meta-layouts":"set","ast-page-background-enabled":"default","ast-page-background-meta":{"desktop":{"background-color":"","background-image":"","background-repeat":"repeat","background-position":"center center","background-size":"auto","background-attachment":"scroll","background-type":"","background-media":"","overlay-type":"","overlay-color":"","overlay-opacity":"","overlay-gradient":""},"tablet":{"background-color":"","background-image":"","background-repeat":"repeat","background-position":"center center","background-size":"auto","background-attachment":"scroll","background-type":"","background-media":"","overlay-type":"","overlay-color":"","overlay-opacity":"","overlay-gradient":""},"mobile":{"background-color":"","background-image":"","background-repeat":"repeat","background-position":"center center","background-size":"auto","background-attachment":"scroll","background-type":"","background-media":"","overlay-type":"","overlay-color":"","overlay-opacity":"","overlay-gradient":""}},"ast-content-background-meta":{"desktop":{"background-color":"var(--ast-global-color-5)","background-image":"","background-repeat":"repeat","background-position":"center center","background-size":"auto","background-attachment":"scroll","background-type":"","background-media":"","overlay-type":"","overlay-color":"","overlay-opacity":"","overlay-gradient":""},"tablet":{"background-color":"var(--ast-global-color-5)","background-image":"","background-repeat":"repeat","background-position":"center center","background-size":"auto","background-attachment":"scroll","background-type":"","background-media":"","overlay-type":"","overlay-color":"","overlay-opacity":"","overlay-gradient":""},"mobile":{"background-color":"var(--ast-global-color-5)","background-image":"","background-repeat":"repeat","background-position":"center center","background-size":"auto","background-attachment":"scroll","background-type":"","background-media":"","overlay-type":"","overlay-color":"","overlay-opacity":"","overlay-gradient":""}}},"product_brand":[],"product_cat":[26],"product_tag":[],"class_list":{"0":"post-2266","1":"product","2":"type-product","3":"status-publish","4":"has-post-thumbnail","6":"product_cat-sandwiches","7":"wpcafe_location-iowa-usa","8":"desktop-align-left","9":"tablet-align-left","10":"mobile-align-left","12":"first","13":"instock","14":"shipping-taxable","15":"purchasable","16":"product-type-simple"},"uagb_featured_image_src":{"full":["https:\/\/cubanflavorllc.com\/wp-content\/uploads\/2024\/12\/fbd24b0a-a8dd-47f8-a9c7-e13d6e407716.jpeg",1536,2048,false],"thumbnail":["https:\/\/cubanflavorllc.com\/wp-content\/uploads\/2024\/12\/fbd24b0a-a8dd-47f8-a9c7-e13d6e407716-150x150.jpeg",150,150,true],"medium":["https:\/\/cubanflavorllc.com\/wp-content\/uploads\/2024\/12\/fbd24b0a-a8dd-47f8-a9c7-e13d6e407716-225x300.jpeg",225,300,true],"medium_large":["https:\/\/cubanflavorllc.com\/wp-content\/uploads\/2024\/12\/fbd24b0a-a8dd-47f8-a9c7-e13d6e407716-768x1024.jpeg",768,1024,true],"large":["https:\/\/cubanflavorllc.com\/wp-content\/uploads\/2024\/12\/fbd24b0a-a8dd-47f8-a9c7-e13d6e407716-768x1024.jpeg",768,1024,true],"1536x1536":["https:\/\/cubanflavorllc.com\/wp-content\/uploads\/2024\/12\/fbd24b0a-a8dd-47f8-a9c7-e13d6e407716-1152x1536.jpeg",1152,1536,true],"2048x2048":["https:\/\/cubanflavorllc.com\/wp-content\/uploads\/2024\/12\/fbd24b0a-a8dd-47f8-a9c7-e13d6e407716.jpeg",1536,2048,false],"trp-custom-language-flag":["https:\/\/cubanflavorllc.com\/wp-content\/uploads\/2024\/12\/fbd24b0a-a8dd-47f8-a9c7-e13d6e407716-9x12.jpeg",9,12,true],"woocommerce_thumbnail":["https:\/\/cubanflavorllc.com\/wp-content\/uploads\/2024\/12\/fbd24b0a-a8dd-47f8-a9c7-e13d6e407716-300x300.jpeg",300,300,true],"woocommerce_single":["https:\/\/cubanflavorllc.com\/wp-content\/uploads\/2024\/12\/fbd24b0a-a8dd-47f8-a9c7-e13d6e407716-600x800.jpeg",600,800,true],"woocommerce_gallery_thumbnail":["https:\/\/cubanflavorllc.com\/wp-content\/uploads\/2024\/12\/fbd24b0a-a8dd-47f8-a9c7-e13d6e407716-100x100.jpeg",100,100,true],"dgwt-wcas-product-suggestion":["https:\/\/cubanflavorllc.com\/wp-content\/uploads\/2024\/12\/fbd24b0a-a8dd-47f8-a9c7-e13d6e407716-64x85.jpeg",64,85,true]},"uagb_author_info":{"display_name":"leofre516","author_link":"https:\/\/cubanflavorllc.com\/es\/author\/"},"uagb_comment_info":0,"uagb_excerpt":"Enjoy the mouthwatering flavors of our Steak Sandwich, featuring tender and juicy steak perfectly paired with fresh, flavorful ingredients. A hearty and satisfying meal that's sure to please steak lovers and sandwich enthusiasts alike. \ud83d\udccd Deliveries Available Only in Osceola, Iowa","jetpack_sharing_enabled":true,"_links":{"self":[{"href":"https:\/\/cubanflavorllc.com\/es\/wp-json\/wp\/v2\/product\/2266","targetHints":{"allow":["GET"]}}],"collection":[{"href":"https:\/\/cubanflavorllc.com\/es\/wp-json\/wp\/v2\/product"}],"about":[{"href":"https:\/\/cubanflavorllc.com\/es\/wp-json\/wp\/v2\/types\/product"}],"wp:featuredmedia":[{"embeddable":true,"href":"https:\/\/cubanflavorllc.com\/es\/wp-json\/wp\/v2\/media\/2854"}],"wp:attachment":[{"href":"https:\/\/cubanflavorllc.com\/es\/wp-json\/wp\/v2\/media?parent=2266"}],"wp:term":[{"taxonomy":"product_brand","embeddable":true,"href":"https:\/\/cubanflavorllc.com\/es\/wp-json\/wp\/v2\/product_brand?post=2266"},{"taxonomy":"product_cat","embeddable":true,"href":"https:\/\/cubanflavorllc.com\/es\/wp-json\/wp\/v2\/product_cat?post=2266"},{"taxonomy":"product_tag","embeddable":true,"href":"https:\/\/cubanflavorllc.com\/es\/wp-json\/wp\/v2\/product_tag?post=2266"}],"curies":[{"name":"wp","href":"https:\/\/api.w.org\/{rel}","templated":true}]}}