{"id":2270,"date":"2024-12-04T12:05:03","date_gmt":"2024-12-04T11:05:03","guid":{"rendered":"https:\/\/cubanflavorllc.com\/?post_type=product&#038;p=2270"},"modified":"2025-08-18T03:12:08","modified_gmt":"2025-08-18T01:12:08","slug":"croquette-sandwich","status":"publish","type":"product","link":"https:\/\/cubanflavorllc.com\/es\/producto\/croquette-sandwich\/","title":{"rendered":"S\u00e1ndwich de Croqueta"},"content":{"rendered":"<p>Una combinaci\u00f3n deliciosa de croquetas doradas y crujientes, llenas de deliciosos sabores, con capas de jam\u00f3n y queso, y complementadas con mostaza picante y pepinillos. Servido en un pan fresco, este s\u00e1ndwich ofrece una deliciosa combinaci\u00f3n de texturas y sabores, lo que lo convierte en un cl\u00e1sico cubano que no olvidar\u00e1.<\/p>","protected":false},"excerpt":{"rendered":"<div class=\"flex-shrink-0 flex flex-col relative items-end\">\n<div>\n<div class=\"pt-0\">\n<div class=\"gizmo-bot-avatar flex h-8 w-8 items-center justify-center overflow-hidden rounded-full\">\n<div class=\"relative p-1 rounded-sm flex items-center justify-center bg-token-main-surface-primary text-token-text-primary h-8 w-8\"><span style=\"font-size: 16px\">Date un capricho con nuestro S\u00e1ndwich de Croquetas, un cl\u00e1sico cubano que incluye croquetas crujientes envueltas en pan reci\u00e9n horneado. Perfectamente equilibradas para que cada bocado sea una delicia.<\/span><\/div>\n<\/div>\n<\/div>\n<\/div>\n<\/div>\n<div class=\"group\/conversation-turn relative flex w-full min-w-0 flex-col agent-turn\">\n<div class=\"flex-col gap-1 md:gap-3\">\n<div class=\"flex max-w-full flex-col flex-grow\">\n<div class=\"min-h-8 text-message flex w-full flex-col items-end gap-2 whitespace-normal break-words text-start [.text-message+&amp;]:mt-5\" dir=\"auto\" data-message-author-role=\"assistant\" data-message-id=\"81716710-0ba6-4784-83c4-ac823c03d22b\" data-message-model-slug=\"gpt-4o\">\n<div class=\"flex w-full flex-col gap-1 empty:hidden first:pt-[3px]\">\n<div class=\"markdown prose w-full break-words dark:prose-invert light\">\n<p>\ud83d\udccdEntregas disponibles solo en Osceola, Iowa<\/p>\n<\/div>\n<\/div>\n<\/div>\n<\/div>\n<\/div>\n<\/div>","protected":false},"featured_media":2844,"template":"","meta":{"_uag_custom_page_level_css":"","site-sidebar-layout":"default","site-content-layout":"","ast-site-content-layout":"default","site-content-style":"default","site-sidebar-style":"default","ast-global-header-display":"","ast-banner-title-visibility":"","ast-main-header-display":"","ast-hfb-above-header-display":"","ast-hfb-below-header-display":"","ast-hfb-mobile-header-display":"","site-post-title":"","ast-breadcrumbs-content":"","ast-featured-img":"","footer-sml-layout":"","theme-transparent-header-meta":"default","adv-header-id-meta":"","stick-header-meta":"","header-above-stick-meta":"","header-main-stick-meta":"","header-below-stick-meta":"","astra-migrate-meta-layouts":"set","ast-page-background-enabled":"default","ast-page-background-meta":{"desktop":{"background-color":"","background-image":"","background-repeat":"repeat","background-position":"center center","background-size":"auto","background-attachment":"scroll","background-type":"","background-media":"","overlay-type":"","overlay-color":"","overlay-opacity":"","overlay-gradient":""},"tablet":{"background-color":"","background-image":"","background-repeat":"repeat","background-position":"center center","background-size":"auto","background-attachment":"scroll","background-type":"","background-media":"","overlay-type":"","overlay-color":"","overlay-opacity":"","overlay-gradient":""},"mobile":{"background-color":"","background-image":"","background-repeat":"repeat","background-position":"center center","background-size":"auto","background-attachment":"scroll","background-type":"","background-media":"","overlay-type":"","overlay-color":"","overlay-opacity":"","overlay-gradient":""}},"ast-content-background-meta":{"desktop":{"background-color":"var(--ast-global-color-5)","background-image":"","background-repeat":"repeat","background-position":"center center","background-size":"auto","background-attachment":"scroll","background-type":"","background-media":"","overlay-type":"","overlay-color":"","overlay-opacity":"","overlay-gradient":""},"tablet":{"background-color":"var(--ast-global-color-5)","background-image":"","background-repeat":"repeat","background-position":"center center","background-size":"auto","background-attachment":"scroll","background-type":"","background-media":"","overlay-type":"","overlay-color":"","overlay-opacity":"","overlay-gradient":""},"mobile":{"background-color":"var(--ast-global-color-5)","background-image":"","background-repeat":"repeat","background-position":"center center","background-size":"auto","background-attachment":"scroll","background-type":"","background-media":"","overlay-type":"","overlay-color":"","overlay-opacity":"","overlay-gradient":""}}},"product_brand":[],"product_cat":[26],"product_tag":[],"class_list":{"0":"post-2270","1":"product","2":"type-product","3":"status-publish","4":"has-post-thumbnail","6":"product_cat-sandwiches","7":"wpcafe_location-iowa-usa","8":"desktop-align-left","9":"tablet-align-left","10":"mobile-align-left","12":"first","13":"instock","14":"shipping-taxable","15":"purchasable","16":"product-type-simple"},"uagb_featured_image_src":{"full":["https:\/\/cubanflavorllc.com\/wp-content\/uploads\/2024\/12\/851b26e1-f209-4e64-8a1d-54808da18da8.jpeg",2048,1536,false],"thumbnail":["https:\/\/cubanflavorllc.com\/wp-content\/uploads\/2024\/12\/851b26e1-f209-4e64-8a1d-54808da18da8-150x150.jpeg",150,150,true],"medium":["https:\/\/cubanflavorllc.com\/wp-content\/uploads\/2024\/12\/851b26e1-f209-4e64-8a1d-54808da18da8-300x225.jpeg",300,225,true],"medium_large":["https:\/\/cubanflavorllc.com\/wp-content\/uploads\/2024\/12\/851b26e1-f209-4e64-8a1d-54808da18da8-768x576.jpeg",768,576,true],"large":["https:\/\/cubanflavorllc.com\/wp-content\/uploads\/2024\/12\/851b26e1-f209-4e64-8a1d-54808da18da8-1024x768.jpeg",1024,768,true],"1536x1536":["https:\/\/cubanflavorllc.com\/wp-content\/uploads\/2024\/12\/851b26e1-f209-4e64-8a1d-54808da18da8-1536x1152.jpeg",1536,1152,true],"2048x2048":["https:\/\/cubanflavorllc.com\/wp-content\/uploads\/2024\/12\/851b26e1-f209-4e64-8a1d-54808da18da8.jpeg",2048,1536,false],"trp-custom-language-flag":["https:\/\/cubanflavorllc.com\/wp-content\/uploads\/2024\/12\/851b26e1-f209-4e64-8a1d-54808da18da8-16x12.jpeg",16,12,true],"woocommerce_thumbnail":["https:\/\/cubanflavorllc.com\/wp-content\/uploads\/2024\/12\/851b26e1-f209-4e64-8a1d-54808da18da8-300x300.jpeg",300,300,true],"woocommerce_single":["https:\/\/cubanflavorllc.com\/wp-content\/uploads\/2024\/12\/851b26e1-f209-4e64-8a1d-54808da18da8-600x450.jpeg",600,450,true],"woocommerce_gallery_thumbnail":["https:\/\/cubanflavorllc.com\/wp-content\/uploads\/2024\/12\/851b26e1-f209-4e64-8a1d-54808da18da8-100x100.jpeg",100,100,true],"dgwt-wcas-product-suggestion":["https:\/\/cubanflavorllc.com\/wp-content\/uploads\/2024\/12\/851b26e1-f209-4e64-8a1d-54808da18da8-64x48.jpeg",64,48,true]},"uagb_author_info":{"display_name":"leofre516","author_link":"https:\/\/cubanflavorllc.com\/es\/author\/"},"uagb_comment_info":0,"uagb_excerpt":"Treat yourself to our Croquette Sandwich, a Cuban classic featuring crispy croquettes nestled in freshly baked bread. Perfectly balanced for a satisfying bite with every mouthful. \ud83d\udccd Deliveries Available Only in Osceola, Iowa","jetpack_sharing_enabled":true,"_links":{"self":[{"href":"https:\/\/cubanflavorllc.com\/es\/wp-json\/wp\/v2\/product\/2270","targetHints":{"allow":["GET"]}}],"collection":[{"href":"https:\/\/cubanflavorllc.com\/es\/wp-json\/wp\/v2\/product"}],"about":[{"href":"https:\/\/cubanflavorllc.com\/es\/wp-json\/wp\/v2\/types\/product"}],"wp:featuredmedia":[{"embeddable":true,"href":"https:\/\/cubanflavorllc.com\/es\/wp-json\/wp\/v2\/media\/2844"}],"wp:attachment":[{"href":"https:\/\/cubanflavorllc.com\/es\/wp-json\/wp\/v2\/media?parent=2270"}],"wp:term":[{"taxonomy":"product_brand","embeddable":true,"href":"https:\/\/cubanflavorllc.com\/es\/wp-json\/wp\/v2\/product_brand?post=2270"},{"taxonomy":"product_cat","embeddable":true,"href":"https:\/\/cubanflavorllc.com\/es\/wp-json\/wp\/v2\/product_cat?post=2270"},{"taxonomy":"product_tag","embeddable":true,"href":"https:\/\/cubanflavorllc.com\/es\/wp-json\/wp\/v2\/product_tag?post=2270"}],"curies":[{"name":"wp","href":"https:\/\/api.w.org\/{rel}","templated":true}]}}