{"id":2636,"date":"2024-12-18T10:38:53","date_gmt":"2024-12-18T09:38:53","guid":{"rendered":"https:\/\/cubanflavorllc.com\/?post_type=product&#038;p=2636"},"modified":"2024-12-23T14:22:50","modified_gmt":"2024-12-23T13:22:50","slug":"sundae-two-scoops","status":"publish","type":"product","link":"https:\/\/cubanflavorllc.com\/es\/producto\/sundae-two-scoops\/","title":{"rendered":"Sundae (2 bolas)"},"content":{"rendered":"","protected":false},"excerpt":{"rendered":"<p>Del\u00e9itese con nuestro sundae con dos bolas de helado cremoso y rico, con un toque de inspiraci\u00f3n cubana. El doble de sabor, el doble de alegr\u00eda: un capricho perfecto para cualquier ocasi\u00f3n.<\/p>\n<p>\ud83d\udccdEntregas disponibles solo en Osceola, Iowa<\/p>","protected":false},"featured_media":2637,"template":"","meta":{"_uag_custom_page_level_css":"","site-sidebar-layout":"default","site-content-layout":"","ast-site-content-layout":"default","site-content-style":"default","site-sidebar-style":"default","ast-global-header-display":"","ast-banner-title-visibility":"","ast-main-header-display":"","ast-hfb-above-header-display":"","ast-hfb-below-header-display":"","ast-hfb-mobile-header-display":"","site-post-title":"","ast-breadcrumbs-content":"","ast-featured-img":"","footer-sml-layout":"","theme-transparent-header-meta":"default","adv-header-id-meta":"","stick-header-meta":"","header-above-stick-meta":"","header-main-stick-meta":"","header-below-stick-meta":"","astra-migrate-meta-layouts":"set","ast-page-background-enabled":"default","ast-page-background-meta":{"desktop":{"background-color":"","background-image":"","background-repeat":"repeat","background-position":"center center","background-size":"auto","background-attachment":"scroll","background-type":"","background-media":"","overlay-type":"","overlay-color":"","overlay-opacity":"","overlay-gradient":""},"tablet":{"background-color":"","background-image":"","background-repeat":"repeat","background-position":"center center","background-size":"auto","background-attachment":"scroll","background-type":"","background-media":"","overlay-type":"","overlay-color":"","overlay-opacity":"","overlay-gradient":""},"mobile":{"background-color":"","background-image":"","background-repeat":"repeat","background-position":"center center","background-size":"auto","background-attachment":"scroll","background-type":"","background-media":"","overlay-type":"","overlay-color":"","overlay-opacity":"","overlay-gradient":""}},"ast-content-background-meta":{"desktop":{"background-color":"var(--ast-global-color-5)","background-image":"","background-repeat":"repeat","background-position":"center center","background-size":"auto","background-attachment":"scroll","background-type":"","background-media":"","overlay-type":"","overlay-color":"","overlay-opacity":"","overlay-gradient":""},"tablet":{"background-color":"var(--ast-global-color-5)","background-image":"","background-repeat":"repeat","background-position":"center center","background-size":"auto","background-attachment":"scroll","background-type":"","background-media":"","overlay-type":"","overlay-color":"","overlay-opacity":"","overlay-gradient":""},"mobile":{"background-color":"var(--ast-global-color-5)","background-image":"","background-repeat":"repeat","background-position":"center center","background-size":"auto","background-attachment":"scroll","background-type":"","background-media":"","overlay-type":"","overlay-color":"","overlay-opacity":"","overlay-gradient":""}}},"product_brand":[],"product_cat":[43],"product_tag":[],"class_list":{"0":"post-2636","1":"product","2":"type-product","3":"status-publish","4":"has-post-thumbnail","6":"product_cat-ice-cream","7":"wpcafe_location-iowa-usa","8":"desktop-align-left","9":"tablet-align-left","10":"mobile-align-left","12":"first","13":"instock","14":"shipping-taxable","15":"purchasable","16":"product-type-simple"},"uagb_featured_image_src":{"full":["https:\/\/cubanflavorllc.com\/wp-content\/uploads\/2024\/12\/Ice-Cream-1.png",500,500,false],"thumbnail":["https:\/\/cubanflavorllc.com\/wp-content\/uploads\/2024\/12\/Ice-Cream-1-150x150.png",150,150,true],"medium":["https:\/\/cubanflavorllc.com\/wp-content\/uploads\/2024\/12\/Ice-Cream-1-300x300.png",300,300,true],"medium_large":["https:\/\/cubanflavorllc.com\/wp-content\/uploads\/2024\/12\/Ice-Cream-1.png",500,500,false],"large":["https:\/\/cubanflavorllc.com\/wp-content\/uploads\/2024\/12\/Ice-Cream-1.png",500,500,false],"1536x1536":["https:\/\/cubanflavorllc.com\/wp-content\/uploads\/2024\/12\/Ice-Cream-1.png",500,500,false],"2048x2048":["https:\/\/cubanflavorllc.com\/wp-content\/uploads\/2024\/12\/Ice-Cream-1.png",500,500,false],"trp-custom-language-flag":["https:\/\/cubanflavorllc.com\/wp-content\/uploads\/2024\/12\/Ice-Cream-1-12x12.png",12,12,true],"woocommerce_thumbnail":["https:\/\/cubanflavorllc.com\/wp-content\/uploads\/2024\/12\/Ice-Cream-1-300x300.png",300,300,true],"woocommerce_single":["https:\/\/cubanflavorllc.com\/wp-content\/uploads\/2024\/12\/Ice-Cream-1.png",500,500,false],"woocommerce_gallery_thumbnail":["https:\/\/cubanflavorllc.com\/wp-content\/uploads\/2024\/12\/Ice-Cream-1-100x100.png",100,100,true],"dgwt-wcas-product-suggestion":["https:\/\/cubanflavorllc.com\/wp-content\/uploads\/2024\/12\/Ice-Cream-1-64x64.png",64,64,true]},"uagb_author_info":{"display_name":"leofre516","author_link":"https:\/\/cubanflavorllc.com\/es\/author\/"},"uagb_comment_info":0,"uagb_excerpt":"Indulge in our Sundae with two scoops of rich, creamy ice cream, infused with a Cuban-inspired flair. Double the flavor, double the joy\u2014a perfect treat for any occasion. \ud83d\udccd Deliveries Available Only in Osceola, Iowa","jetpack_sharing_enabled":true,"_links":{"self":[{"href":"https:\/\/cubanflavorllc.com\/es\/wp-json\/wp\/v2\/product\/2636","targetHints":{"allow":["GET"]}}],"collection":[{"href":"https:\/\/cubanflavorllc.com\/es\/wp-json\/wp\/v2\/product"}],"about":[{"href":"https:\/\/cubanflavorllc.com\/es\/wp-json\/wp\/v2\/types\/product"}],"wp:featuredmedia":[{"embeddable":true,"href":"https:\/\/cubanflavorllc.com\/es\/wp-json\/wp\/v2\/media\/2637"}],"wp:attachment":[{"href":"https:\/\/cubanflavorllc.com\/es\/wp-json\/wp\/v2\/media?parent=2636"}],"wp:term":[{"taxonomy":"product_brand","embeddable":true,"href":"https:\/\/cubanflavorllc.com\/es\/wp-json\/wp\/v2\/product_brand?post=2636"},{"taxonomy":"product_cat","embeddable":true,"href":"https:\/\/cubanflavorllc.com\/es\/wp-json\/wp\/v2\/product_cat?post=2636"},{"taxonomy":"product_tag","embeddable":true,"href":"https:\/\/cubanflavorllc.com\/es\/wp-json\/wp\/v2\/product_tag?post=2636"}],"curies":[{"name":"wp","href":"https:\/\/api.w.org\/{rel}","templated":true}]}}