{"id":2650,"date":"2024-12-20T11:58:14","date_gmt":"2024-12-20T10:58:14","guid":{"rendered":"https:\/\/cubanflavorllc.com\/?post_type=product&#038;p=2650"},"modified":"2024-12-20T11:58:14","modified_gmt":"2024-12-20T10:58:14","slug":"colada","status":"publish","type":"product","link":"https:\/\/cubanflavorllc.com\/es\/producto\/colada\/","title":{"rendered":"Colada"},"content":{"rendered":"","protected":false},"excerpt":{"rendered":"<div class=\"flex-shrink-0 flex flex-col relative items-end\">\n<div>\n<div class=\"pt-0\">\n<div class=\"gizmo-bot-avatar flex h-8 w-8 items-center justify-center overflow-hidden rounded-full\"><\/div>\n<\/div>\n<\/div>\n<\/div>\n<div class=\"group\/conversation-turn relative flex w-full min-w-0 flex-col agent-turn\">\n<div class=\"flex-col gap-1 md:gap-3\">\n<div class=\"flex max-w-full flex-col flex-grow\">\n<div class=\"min-h-8 text-message flex w-full flex-col items-end gap-2 whitespace-normal break-words text-start [.text-message+&amp;]:mt-5\" dir=\"auto\" data-message-author-role=\"assistant\" data-message-id=\"3f1522e4-5e4f-43aa-b2fb-36826f229afd\" data-message-model-slug=\"gpt-4o-mini\">\n<div class=\"flex w-full flex-col gap-1 empty:hidden first:pt-[3px]\">\n<div class=\"markdown prose w-full break-words dark:prose-invert light\">\n<p>Disfrute del sabor intenso y estimulante de nuestra Colada, una tradici\u00f3n del caf\u00e9 cubano conocida por su sabor fuerte y dulce. Servida en una taza peque\u00f1a, es perfecta para compartir con amigos y familiares y ofrece una aut\u00e9ntica experiencia cubana.<\/p>\n<p>\ud83d\udccdEntregas disponibles solo en Osceola, Iowa<\/p>\n<\/div>\n<\/div>\n<\/div>\n<\/div>\n<\/div>\n<\/div>","protected":false},"featured_media":2651,"template":"","meta":{"_uag_custom_page_level_css":"","site-sidebar-layout":"default","site-content-layout":"","ast-site-content-layout":"default","site-content-style":"default","site-sidebar-style":"default","ast-global-header-display":"","ast-banner-title-visibility":"","ast-main-header-display":"","ast-hfb-above-header-display":"","ast-hfb-below-header-display":"","ast-hfb-mobile-header-display":"","site-post-title":"","ast-breadcrumbs-content":"","ast-featured-img":"","footer-sml-layout":"","theme-transparent-header-meta":"default","adv-header-id-meta":"","stick-header-meta":"","header-above-stick-meta":"","header-main-stick-meta":"","header-below-stick-meta":"","astra-migrate-meta-layouts":"set","ast-page-background-enabled":"default","ast-page-background-meta":{"desktop":{"background-color":"","background-image":"","background-repeat":"repeat","background-position":"center center","background-size":"auto","background-attachment":"scroll","background-type":"","background-media":"","overlay-type":"","overlay-color":"","overlay-opacity":"","overlay-gradient":""},"tablet":{"background-color":"","background-image":"","background-repeat":"repeat","background-position":"center center","background-size":"auto","background-attachment":"scroll","background-type":"","background-media":"","overlay-type":"","overlay-color":"","overlay-opacity":"","overlay-gradient":""},"mobile":{"background-color":"","background-image":"","background-repeat":"repeat","background-position":"center center","background-size":"auto","background-attachment":"scroll","background-type":"","background-media":"","overlay-type":"","overlay-color":"","overlay-opacity":"","overlay-gradient":""}},"ast-content-background-meta":{"desktop":{"background-color":"var(--ast-global-color-5)","background-image":"","background-repeat":"repeat","background-position":"center center","background-size":"auto","background-attachment":"scroll","background-type":"","background-media":"","overlay-type":"","overlay-color":"","overlay-opacity":"","overlay-gradient":""},"tablet":{"background-color":"var(--ast-global-color-5)","background-image":"","background-repeat":"repeat","background-position":"center center","background-size":"auto","background-attachment":"scroll","background-type":"","background-media":"","overlay-type":"","overlay-color":"","overlay-opacity":"","overlay-gradient":""},"mobile":{"background-color":"var(--ast-global-color-5)","background-image":"","background-repeat":"repeat","background-position":"center center","background-size":"auto","background-attachment":"scroll","background-type":"","background-media":"","overlay-type":"","overlay-color":"","overlay-opacity":"","overlay-gradient":""}}},"product_brand":[],"product_cat":[44],"product_tag":[],"class_list":{"0":"post-2650","1":"product","2":"type-product","3":"status-publish","4":"has-post-thumbnail","6":"product_cat-coffee","7":"wpcafe_location-iowa-usa","8":"desktop-align-left","9":"tablet-align-left","10":"mobile-align-left","12":"first","13":"instock","14":"shipping-taxable","15":"purchasable","16":"product-type-simple"},"uagb_featured_image_src":{"full":["https:\/\/cubanflavorllc.com\/wp-content\/uploads\/2024\/12\/Coffee-1.png",500,500,false],"thumbnail":["https:\/\/cubanflavorllc.com\/wp-content\/uploads\/2024\/12\/Coffee-1-150x150.png",150,150,true],"medium":["https:\/\/cubanflavorllc.com\/wp-content\/uploads\/2024\/12\/Coffee-1-300x300.png",300,300,true],"medium_large":["https:\/\/cubanflavorllc.com\/wp-content\/uploads\/2024\/12\/Coffee-1.png",500,500,false],"large":["https:\/\/cubanflavorllc.com\/wp-content\/uploads\/2024\/12\/Coffee-1.png",500,500,false],"1536x1536":["https:\/\/cubanflavorllc.com\/wp-content\/uploads\/2024\/12\/Coffee-1.png",500,500,false],"2048x2048":["https:\/\/cubanflavorllc.com\/wp-content\/uploads\/2024\/12\/Coffee-1.png",500,500,false],"trp-custom-language-flag":["https:\/\/cubanflavorllc.com\/wp-content\/uploads\/2024\/12\/Coffee-1-12x12.png",12,12,true],"woocommerce_thumbnail":["https:\/\/cubanflavorllc.com\/wp-content\/uploads\/2024\/12\/Coffee-1-300x300.png",300,300,true],"woocommerce_single":["https:\/\/cubanflavorllc.com\/wp-content\/uploads\/2024\/12\/Coffee-1.png",500,500,false],"woocommerce_gallery_thumbnail":["https:\/\/cubanflavorllc.com\/wp-content\/uploads\/2024\/12\/Coffee-1-100x100.png",100,100,true],"dgwt-wcas-product-suggestion":["https:\/\/cubanflavorllc.com\/wp-content\/uploads\/2024\/12\/Coffee-1-64x64.png",64,64,true]},"uagb_author_info":{"display_name":"leofre516","author_link":"https:\/\/cubanflavorllc.com\/es\/author\/"},"uagb_comment_info":0,"uagb_excerpt":"Enjoy the bold and invigorating flavor of our Colada, a Cuban coffee tradition known for its strong, sweet taste. Served in a small cup, it\u2019s perfect for sharing with friends and family, offering a genuine Cuban experience. \ud83d\udccd Deliveries Available Only in Osceola, Iowa","jetpack_sharing_enabled":true,"_links":{"self":[{"href":"https:\/\/cubanflavorllc.com\/es\/wp-json\/wp\/v2\/product\/2650","targetHints":{"allow":["GET"]}}],"collection":[{"href":"https:\/\/cubanflavorllc.com\/es\/wp-json\/wp\/v2\/product"}],"about":[{"href":"https:\/\/cubanflavorllc.com\/es\/wp-json\/wp\/v2\/types\/product"}],"wp:featuredmedia":[{"embeddable":true,"href":"https:\/\/cubanflavorllc.com\/es\/wp-json\/wp\/v2\/media\/2651"}],"wp:attachment":[{"href":"https:\/\/cubanflavorllc.com\/es\/wp-json\/wp\/v2\/media?parent=2650"}],"wp:term":[{"taxonomy":"product_brand","embeddable":true,"href":"https:\/\/cubanflavorllc.com\/es\/wp-json\/wp\/v2\/product_brand?post=2650"},{"taxonomy":"product_cat","embeddable":true,"href":"https:\/\/cubanflavorllc.com\/es\/wp-json\/wp\/v2\/product_cat?post=2650"},{"taxonomy":"product_tag","embeddable":true,"href":"https:\/\/cubanflavorllc.com\/es\/wp-json\/wp\/v2\/product_tag?post=2650"}],"curies":[{"name":"wp","href":"https:\/\/api.w.org\/{rel}","templated":true}]}}